{"id":3,"date":"2022-01-12T15:03:15","date_gmt":"2022-01-12T14:03:15","guid":{"rendered":"https:\/\/bhs.media\/?page_id=3"},"modified":"2022-05-02T11:33:37","modified_gmt":"2022-05-02T09:33:37","slug":"politique-de-confidentialite","status":"publish","type":"page","link":"https:\/\/bhs.media\/nl\/politique-de-confidentialite\/","title":{"rendered":"Politique de confidentialit\u00e9"},"content":{"rendered":"<h2>1. RESPONSABLE DU TRAITEMENT<\/h2>\r\n<p>La pr\u00e9sente politique de confidentialit\u00e9 r\u00e8gle le traitement des donn\u00e9es \u00e0 caract\u00e8re personnel par la BHS.MEDIA, responsable du traitement, dont le si\u00e8ge social est situ\u00e9 Voie du Belv\u00e9d\u00e8re 6 \u00e0 4100 SERAING, dont le num\u00e9ro d\u2019entreprise est le BE 0450.758.010 et qui a d\u00e9sign\u00e9 Jean-Yves Beeckman comme personne de contact pour le traitement des donn\u00e9es (info@bhs.media).<\/p>\r\n<p>Cette politique de confidentialit\u00e9 s\u2019applique \u00e0 l\u2019ensemble des services que nous fournissons et des activit\u00e9s que nous exer\u00e7ons.<\/p>\r\n<p>En communiquant vos donn\u00e9es \u00e0 caract\u00e8re personnel, vous d\u00e9clarez explicitement en avoir pris connaissance, en comprendre int\u00e9gralement le contenu et en accepter int\u00e9gralement les termes. Vous acceptez plus particuli\u00e8rement que la BHS.MEDIA les traite (soit les collecte, les conserve ou les utilise) aux fins pr\u00e9cis\u00e9es ci-dessous.<\/p>\r\n<h2>2. CAT\u00c9GORIES DE DONN\u00c9ES A CARACT\u00c8RE PERSONNEL<\/h2>\r\n<p>Le r\u00e8glement g\u00e9n\u00e9ral sur la protection des donn\u00e9es d\u00e9finit le terme \u00ab donn\u00e9es \u00e0 caract\u00e8re personnel \u00bb comme suit : \u00ab Toute information se rapportant \u00e0 une personne physique identifi\u00e9e ou identifiable \u00bb (ci-apr\u00e8s d\u00e9nomm\u00e9e \u00ab personne concern\u00e9e \u00bb).<\/p>\r\n<p>Est r\u00e9put\u00e9e \u00eatre une \u00ab personne physique identifiable \u00bb, une personne physique qui peut \u00eatre identifi\u00e9e, directement ou indirectement, notamment par r\u00e9f\u00e9rence \u00e0 un identifiant, tel qu\u2019un nom, un num\u00e9ro d\u2019identification, des donn\u00e9es de localisation, un identifiant en ligne, ou \u00e0 un ou plusieurs \u00e9l\u00e9ments sp\u00e9cifiques propres \u00e0 son identit\u00e9 physique, physiologique, g\u00e9n\u00e9tique, psychique, \u00e9conomique, culturelle ou sociale.<\/p>\r\n<p>Dans la cadre de ses activit\u00e9s, la BHS.MEDIA peut \u00eatre amen\u00e9e \u00e0 collecter des donn\u00e9es personnelles nominatives de ses clients, de ses fournisseurs, de ses sous-traitants (et de leurs \u00e9ventuels sous-traitants), de ses prospects, de soci\u00e9t\u00e9s \/ personnes faisant partie de son r\u00e9seau professionnel ainsi que, de mani\u00e8re respective, de leurs commettants, leur personnel, leurs collaborateurs, leurs pr\u00e9pos\u00e9s et toute autre personne de contact utile.<\/p>\r\n<p>Ces donn\u00e9es personnelles peuvent \u00eatre, entre autres des donn\u00e9es nominatives tels que l\u2019\u00e9tat civil, les nom et pr\u00e9noms, les num\u00e9ros de t\u00e9l\u00e9phone, les adresses ou du si\u00e8ges social, des adresses email,\u2026, ainsi que tout renseignement communiqu\u00e9 spontan\u00e9ment par la personne concern\u00e9e.<\/p>\r\n<p>Le site internet de la BHS.MEDIA utilise des cookies (cf. politique \u00ab cookies \u00bb).<\/p>\r\n<h2>3. MANI\u00c8RE DONT LES DONN\u00c9ES SONT R\u00c9COLT\u00c9ES ET CONSERV\u00c9ES ?<\/h2>\r\n<p>Les donn\u00e9es personnelles sont r\u00e9colt\u00e9es de la mani\u00e8re suivante :<\/p>\r\n<p>-Par l\u2019encodage des donn\u00e9es par les personnes concern\u00e9es, dans formulaires figurant sur le site internet https:\/\/bhs.media ;<\/p>\r\n<p>-Par l\u2019envoi des donn\u00e9es, par les personnes concern\u00e9es, lors du passage d\u2019une commande (par internet, par mail ou courrier).<\/p>\r\n<p>Les donn\u00e9es communiqu\u00e9es via le site internet http:\/\/www.alm.be sont conserv\u00e9es sur le serveur de l\u2019h\u00e9bergeur \u00abDIOGENIUS\u00bb, en BELGIQUE (pays).<\/p>\r\n<p>Les donn\u00e9es communiqu\u00e9es autrement que via le site internet sont stock\u00e9es sur le serveur local s\u00e9curis\u00e9 (back up) de la BHS.MEDIA, accessible uniquement au personnel de la BHS.MEDIA ainsi qu\u2019au personnel de la soci\u00e9t\u00e9 de maintenance informatique ORIZON9 SARLpar un mot de passe secret, via ERP s\u00e9curis\u00e9.<\/p>\r\n<h2>4. FINALIT\u00c9S DES TRAITEMENTS<\/h2>\r\n<p>Ces donn\u00e9es sont r\u00e9colt\u00e9es par la BHS.MEDIA afin de lui permettre de fournir le service confi\u00e9 par le contrat \/ accord conclu avec le client mais \u00e9galement en vue de la gestion de sa client\u00e8le, de l\u2019\u00e9tablissement des factures et leur recouvrement et afin de remplir ses obligations l\u00e9gales, comptables et r\u00e8glementaires mais \u00e9galement, moyennant l\u2019accord des personnes concern\u00e9es, via les newsletters, pour envoyer des promotions, des offres, des nouveaut\u00e9s pour l\u2019entreprise, changement de tarifs de prix, des fermetures, les v\u0153ux de fin d\u2019ann\u00e9e.<\/p>\r\n<h2>5. BASES JURIDIQUE DES TRAITEMENTS<\/h2>\r\n<p>Les bases juridiques des traitements sont l&#8217;ex\u00e9cution d&#8217;un contrat, le consentement de la personne concern\u00e9e (le cas \u00e9ch\u00e9ant) ainsi que le respect d&#8217;obligations l\u00e9gales \/ r\u00e9glementaires et\/ou l\u2019int\u00e9r\u00eat l\u00e9gitime de la BHS.MEDIA.<\/p>\r\n<h2>6. DESTINATAIRES DES DONN\u00c9ES \u00c0 CARACT\u00c8RE PERSONNEL<\/h2>\r\n<p>La BHS.MEDIA conservera et traitera elle-m\u00eame les donn\u00e9es r\u00e9colt\u00e9es en vue de lui permettre de r\u00e9aliser les finalit\u00e9s des traitements.<\/p>\r\n<p>Toutefois, dans la cadre de ces finalit\u00e9s, il est possible que des donn\u00e9es personnelles soient communiqu\u00e9es \u00e0 des autorit\u00e9s publiques, comptables, r\u00e9viseurs, avocats, comptables, soci\u00e9t\u00e9s de recouvrement, prestataires de services informatiques, sous-traitants ou soci\u00e9t\u00e9s collaboratrices avec la BHS.MEDIA.<\/p>\r\n<p>Il est possible que ces entit\u00e9s se trouvent en dehors de l&#8217;Espace Economique Europ\u00e9en (\u00ab EEE \u00bb). Toutefois, dans ce cas, les donn\u00e9es \u00e0 caract\u00e8re personnel ne seront transmises qu&#8217;aux pays tiers disposant d&#8217;un niveau ad\u00e9quat de protection.<\/p>\r\n<p>Si n\u00e9cessaire, les donn\u00e9es \u00e0 caract\u00e8re personnel pourront aussi \u00eatre transmises \u00e0 d&#8217;autres parties tierces dans le cadre, par exemple, d\u2019une r\u00e9organisation de BHS.MEDIA, en cas de transfert d\u2019activit\u00e9, liquidation ou faillite, en raison d&#8217;une injonction ou afin de remplir une obligation l\u00e9gale particuli\u00e8re.<\/p>\r\n<p>Toutefois, la BHS.MEDIA veille \u00e0 ce que ces personnes \/ entreprises \/ entit\u00e9s aient un acc\u00e8s le plus limit\u00e9 possible \u00e0 ces donn\u00e9es personnelles et ne les traite que de mani\u00e8re strictement n\u00e9cessaire.<\/p>\r\n<h2>7. DUR\u00c9E DU TRAITEMENT<\/h2>\r\n<p>La BHS.MEDIA conserve les donn\u00e9es \u00e0 caract\u00e8re personnel qui lui sont confi\u00e9es pendant la dur\u00e9e n\u00e9cessaire \u00e0 la finalit\u00e9 du traitement.<\/p>\r\n<p>Pour d\u00e9terminer la dur\u00e9e appropri\u00e9e, il est tenu compte de la nature et la sensibilit\u00e9 des donn\u00e9es personnelles et les finalit\u00e9s pour lesquelles elles sont trait\u00e9es. Il est \u00e9galement tenu compte de la n\u00e9cessit\u00e9 de se conformer \u00e0 ses obligations l\u00e9gales et r\u00e8glementaires.<\/p>\r\n<h2>8. MESURES DE S\u00c9CURIT\u00c9<\/h2>\r\n<p>La BHS.MEDIA a mis en place des mesures de s\u00e9curit\u00e9 appropri\u00e9es sur le plan technique et organisationnel afin d\u2019\u00e9viter la destruction, la perte, la falsification, la modification, l\u2019acc\u00e8s non autoris\u00e9 par des tiers ou la notification par erreur \u00e0 des tiers des donn\u00e9es \u00e0 caract\u00e8re personnel collect\u00e9es, ainsi que tout traitement non autoris\u00e9 de ces donn\u00e9es.<\/p>\r\n<p>Ainsi, la BHS.MEDIA a, entre autres, pr\u00e9vu ce qui suit :<\/p>\r\n<p>-Utilisation de mots de passe s\u00e9curis\u00e9s pour ses travailleurs et dirigeants ;<\/p>\r\n<p>-Insertion dans les contrats et le r\u00e8glement de travail de clauses pr\u00e9voyant la confidentialit\u00e9 des donn\u00e9es ;<\/p>\r\n<p>-Actualisation r\u00e9guli\u00e8re des PC avec des patches de s\u00e9curit\u00e9 et des antivirus \u00e0 jour ;<\/p>\r\n<p>-Sauvegardes r\u00e9guli\u00e8res des donn\u00e9es importantes.<\/p>\r\n<h2>9. DROIT DES PERSONNES CONCERN\u00c9ES<\/h2>\r\n<h4>9.1 Droit d\u2019acc\u00e8s, de modification, de suppression et de limitation<\/h4>\r\n<p>Vous avez le droit de demander \u00e0 la BHS.MEDIA d\u2019acc\u00e9der \u00e0 vos donn\u00e9es et d\u2019en demander la rectification.<\/p>\r\n<p>Conform\u00e9ment aux conditions l\u00e9gales et pr\u00e9vues par le RGPD, vous pouvez \u00e9galement demander leur suppression ou leur limitation.<\/p>\r\n<p>Vous reconnaissez qu\u2019en cas de refus de communication ou de demande de suppression des donn\u00e9es \u00e0 caract\u00e8re personnel, la BHS.MEDIA peut \u00eatre dans l\u2019impossibilit\u00e9 de fournir certains services.<\/p>\r\n<h4>9.2 Droit d\u2019opposition<\/h4>\r\n<p>Vous disposez d\u2019un droit d\u2019opposition contre le traitement de vos donn\u00e9es \u00e0 caract\u00e8re personnel pour des motifs imp\u00e9rieux et l\u00e9gitimes.<\/p>\r\n<p>En outre, vous avez le droit de vous opposer \u00e0 l\u2019utilisation de donn\u00e9es \u00e0 caract\u00e8re personnel \u00e0 des fins de marketing direct. Le cas \u00e9ch\u00e9ant, vous ne devez m\u00eame pas invoquer de motif.<\/p>\r\n<h4>9.3 Droit de libre transfert des donn\u00e9es<\/h4>\r\n<p>Vous disposez du droit de recevoir les donn\u00e9es \u00e0 caract\u00e8re personnel que vous avez fournies \u00e0 la BHS.MEDIA dans un format structur\u00e9, couramment utilis\u00e9 et lisible par machine et de transmettre ces donn\u00e9es \u00e0 d\u2019autres responsables du traitement.<\/p>\r\n<h4>9.4 Droit de retrait du consentement<\/h4>\r\n<p>Pour autant que le traitement soit bas\u00e9 sur votre consentement pr\u00e9alable, vous avez le droit de retirer ce consentement.<\/p>\r\n<h4>9.5 Exercice de vos droits<\/h4>\r\n<p>Vous pouvez exercer vos droits en contactant la BHS.MEDIA \u00e0 cette fin par e-mail \u00e0 l\u2019adresse info@bhs.media ou par courrier \u00e0 l\u2019adresse Voie du belv\u00e9d\u00e8re 6 \u00e0 4100 SERAING, moyennant l\u2019ajout en annexe d\u2019une copie recto-verso de votre carte d\u2019identit\u00e9.<\/p>\r\n<h4>9.6 D\u00e9cisions automatis\u00e9es et profilage<\/h4>\r\n<p>Le traitement de vos donn\u00e9es \u00e0 caract\u00e8re personnel ne comprend aucun profilage et ne fera pas l\u2019objet de d\u00e9cisions automatis\u00e9es par la BHS.MEDIA.<\/p>\r\n<h4>9.7 Droit \u00e0 l\u2019introduction d\u2019une plainte<\/h4>\r\n<p>Vous avez le droit d\u2019introduire une plainte aupr\u00e8s de l\u2019Autorit\u00e9 de protection des donn\u00e9es : Autorit\u00e9 de protection des donn\u00e9es, rue de la presse 35, 1000 Bruxelles, T\u00e9l +32 (0)2 274 48 00, Fax +32 (0)2 274 48 35, e-mail : contact@apd-gba.be, sans pr\u00e9judice de tout recours devant un tribunal civil.<\/p>\r\n<h4>10. MODIFICATIONS<\/h4>\r\n<p>La pr\u00e9sente politique de protection des donn\u00e9es peut faire l\u2019objet de modifications. Nous vous recommandons de consulter r\u00e9guli\u00e8rement la politique de confidentialit\u00e9 des donn\u00e9es, consultable via le site internet \u00ab https:\/\/bhs.media \u00bb, pour prendre connaissance des \u00e9ventuelles modifications.<\/p>\r\n<p>Derni\u00e8re mise \u00e0 jour : 28\/04\/ 2020<\/p>\r\n<p>La pr\u00e9sente politique de confidentialit\u00e9 est \u00e9tablie sans pr\u00e9judice des droits et obligations reconnus dans le chef de la BHS.MEDIA en vertu des dispositions applicables telles que celles contenues dans le RGPD.<\/p>","protected":false},"excerpt":{"rendered":"<p>1. RESPONSABLE DU TRAITEMENT La pr\u00e9sente politique de confidentialit\u00e9 r\u00e8gle le traitement des donn\u00e9es \u00e0 caract\u00e8re personnel par la BHS.MEDIA,\u2026<\/p>\n","protected":false},"author":3,"featured_media":0,"parent":0,"menu_order":9,"comment_status":"closed","ping_status":"closed","template":"","meta":{"_acf_changed":false,"footnotes":""},"class_list":["post-3","page","type-page","status-publish","hentry"],"acf":[],"yoast_head":"<!-- This site is optimized with the Yoast SEO plugin v27.4 - https:\/\/yoast.com\/product\/yoast-seo-wordpress\/ -->\n<title>Politique de confidentialit\u00e9 - BHS.MEDIA<\/title>\n<meta name=\"robots\" content=\"index, follow, max-snippet:-1, max-image-preview:large, max-video-preview:-1\" \/>\n<link rel=\"canonical\" href=\"https:\/\/bhs.media\/nl\/politique-de-confidentialite\/\" \/>\n<meta property=\"og:locale\" content=\"nl_NL\" \/>\n<meta property=\"og:type\" content=\"article\" \/>\n<meta property=\"og:title\" content=\"Politique de confidentialit\u00e9 - BHS.MEDIA\" \/>\n<meta property=\"og:description\" content=\"1. RESPONSABLE DU TRAITEMENT La pr\u00e9sente politique de confidentialit\u00e9 r\u00e8gle le traitement des donn\u00e9es \u00e0 caract\u00e8re personnel par la BHS.MEDIA,\u2026\" \/>\n<meta property=\"og:url\" content=\"https:\/\/bhs.media\/nl\/politique-de-confidentialite\/\" \/>\n<meta property=\"og:site_name\" content=\"BHS.MEDIA\" \/>\n<meta property=\"article:modified_time\" content=\"2022-05-02T09:33:37+00:00\" \/>\n<meta name=\"twitter:card\" content=\"summary_large_image\" \/>\n<meta name=\"twitter:label1\" content=\"Geschatte leestijd\" \/>\n\t<meta name=\"twitter:data1\" content=\"7 minuten\" \/>\n<!-- \/ Yoast SEO plugin. -->","yoast_head_json":{"title":"Politique de confidentialit\u00e9 - BHS.MEDIA","robots":{"index":"index","follow":"follow","max-snippet":"max-snippet:-1","max-image-preview":"max-image-preview:large","max-video-preview":"max-video-preview:-1"},"canonical":"https:\/\/bhs.media\/nl\/politique-de-confidentialite\/","og_locale":"nl_NL","og_type":"article","og_title":"Politique de confidentialit\u00e9 - BHS.MEDIA","og_description":"1. RESPONSABLE DU TRAITEMENT La pr\u00e9sente politique de confidentialit\u00e9 r\u00e8gle le traitement des donn\u00e9es \u00e0 caract\u00e8re personnel par la BHS.MEDIA,\u2026","og_url":"https:\/\/bhs.media\/nl\/politique-de-confidentialite\/","og_site_name":"BHS.MEDIA","article_modified_time":"2022-05-02T09:33:37+00:00","twitter_card":"summary_large_image","twitter_misc":{"Geschatte leestijd":"7 minuten"},"schema":{"@context":"https:\/\/schema.org","@graph":[{"@type":"WebPage","@id":"https:\/\/bhs.media\/nl\/politique-de-confidentialite\/","url":"https:\/\/bhs.media\/nl\/politique-de-confidentialite\/","name":"Politique de confidentialit\u00e9 - BHS.MEDIA","isPartOf":{"@id":"https:\/\/bhs.media\/nl\/#website"},"datePublished":"2022-01-12T14:03:15+00:00","dateModified":"2022-05-02T09:33:37+00:00","breadcrumb":{"@id":"https:\/\/bhs.media\/nl\/politique-de-confidentialite\/#breadcrumb"},"inLanguage":"nl-NL","potentialAction":[{"@type":"ReadAction","target":[["https:\/\/bhs.media\/nl\/politique-de-confidentialite\/"]]}]},{"@type":"BreadcrumbList","@id":"https:\/\/bhs.media\/nl\/politique-de-confidentialite\/#breadcrumb","itemListElement":[{"@type":"ListItem","position":1,"name":"Accueil","item":"https:\/\/bhs.media\/nl\/"},{"@type":"ListItem","position":2,"name":"Politique de confidentialit\u00e9"}]},{"@type":"WebSite","@id":"https:\/\/bhs.media\/nl\/#website","url":"https:\/\/bhs.media\/nl\/","name":"BHS.MEDIA","description":"Be everywhere","publisher":{"@id":"https:\/\/bhs.media\/nl\/#organization"},"potentialAction":[{"@type":"SearchAction","target":{"@type":"EntryPoint","urlTemplate":"https:\/\/bhs.media\/nl\/?s={search_term_string}"},"query-input":{"@type":"PropertyValueSpecification","valueRequired":true,"valueName":"search_term_string"}}],"inLanguage":"nl-NL"},{"@type":"Organization","@id":"https:\/\/bhs.media\/nl\/#organization","name":"BHS.Media","url":"https:\/\/bhs.media\/nl\/","logo":{"@type":"ImageObject","inLanguage":"nl-NL","@id":"https:\/\/bhs.media\/nl\/#\/schema\/logo\/image\/","url":"https:\/\/bhs.media\/wp-content\/uploads\/2022\/02\/BHS-Media-SEO.jpg","contentUrl":"https:\/\/bhs.media\/wp-content\/uploads\/2022\/02\/BHS-Media-SEO.jpg","width":1200,"height":630,"caption":"BHS.Media"},"image":{"@id":"https:\/\/bhs.media\/nl\/#\/schema\/logo\/image\/"}}]}},"_links":{"self":[{"href":"https:\/\/bhs.media\/nl\/wp-json\/wp\/v2\/pages\/3","targetHints":{"allow":["GET"]}}],"collection":[{"href":"https:\/\/bhs.media\/nl\/wp-json\/wp\/v2\/pages"}],"about":[{"href":"https:\/\/bhs.media\/nl\/wp-json\/wp\/v2\/types\/page"}],"author":[{"embeddable":true,"href":"https:\/\/bhs.media\/nl\/wp-json\/wp\/v2\/users\/3"}],"replies":[{"embeddable":true,"href":"https:\/\/bhs.media\/nl\/wp-json\/wp\/v2\/comments?post=3"}],"version-history":[{"count":9,"href":"https:\/\/bhs.media\/nl\/wp-json\/wp\/v2\/pages\/3\/revisions"}],"predecessor-version":[{"id":719,"href":"https:\/\/bhs.media\/nl\/wp-json\/wp\/v2\/pages\/3\/revisions\/719"}],"wp:attachment":[{"href":"https:\/\/bhs.media\/nl\/wp-json\/wp\/v2\/media?parent=3"}],"curies":[{"name":"wp","href":"https:\/\/api.w.org\/{rel}","templated":true}]}}